{"id":33,"date":"2021-09-25T04:54:33","date_gmt":"2021-09-25T04:54:33","guid":{"rendered":"http:\/\/pashewnuri.com\/?page_id=33"},"modified":"2025-01-29T00:10:29","modified_gmt":"2025-01-29T00:10:29","slug":"research","status":"publish","type":"page","link":"https:\/\/pashewnuri.com\/?page_id=33","title":{"rendered":"Research"},"content":{"rendered":"\n<ul class=\"wp-block-list\">\n<li>Nuri, P. (2025). Living in a fluid world: An autoethnographic account of navigating contradicting onto-epistemological worldviews.\u00a0<em>Journal of International Students<\/em>,\u00a0<em>15<\/em>(2), 127-146. DOI <a href=\"https:\/\/doi.org\/10.32674\/8bvvj445\">https:\/\/doi.org\/10.32674\/8bvvj445<\/a><\/li>\n\n\n\n<li>Nuri, P. (2024). <em>Unravelling education policy: Insights from policy documents and teachers\u2019 stories in Iraqi Kurdistan<\/em>. [Doctoral dissertation, Monash University]. <a href=\"https:\/\/doi.org\/10.26180\/25011539.v1\">https:\/\/doi.org\/10.26180\/25011539.v1<\/a><\/li>\n\n\n\n<li>Nuri, P. (2023). Living in a fluid world: An autoethnographic account of navigating contradicting onto-epistemological worldviews. Asia Pacific Education Review. [Under Review].<\/li>\n\n\n\n<li>Nuri, P. (2020). R\u00easayi Perwerdeyi Her\u00eam\u00ee Kurdistan \u00fb Merame Niyol\u00eebraliyekan [Neoliberal ends of Kurdistan Region education policies]. The Xal Quarterly Journal on Intellectual Thought, 28, 72\u201381. <a href=\"https:\/\/doi.org\/10.5281\/zenodo.10030655\">https:\/\/doi.org\/10.5281\/zenodo.10030655<\/a><\/li>\n\n\n\n<li>Nuri, P. M. (2016). Recreational Reading Effects on Teaching: From the Perspectives of Pre-service Teachers. Journal of Humanity Sciences, 20(4), pp.150-160. Retrieved from URL: <a href=\"http:\/\/zancojournals.su.edu.krd\/index.php\/JAHS\/article\/view\/1088\">http:\/\/zancojournals.su.edu.krd\/index.php\/JAHS\/article\/view\/1088<\/a><\/li>\n\n\n\n<li>Nuri, P. (2015). Retrospective Miscue Analysis with an Adult ESL Kurdish Reader. (Electronic Thesis or Dissertation). Retrieved from <a href=\"https:\/\/etd.ohiolink.edu\/\">https:\/\/etd.ohiolink.edu\/<\/a><\/li>\n<\/ul>\n","protected":false},"excerpt":{"rendered":"","protected":false},"author":1,"featured_media":0,"parent":0,"menu_order":0,"comment_status":"closed","ping_status":"closed","template":"","meta":{"_seopress_robots_primary_cat":"","_seopress_titles_title":"","_seopress_titles_desc":"","_seopress_robots_index":"","footnotes":""},"class_list":["post-33","page","type-page","status-publish","hentry"],"_links":{"self":[{"href":"https:\/\/pashewnuri.com\/index.php?rest_route=\/wp\/v2\/pages\/33","targetHints":{"allow":["GET"]}}],"collection":[{"href":"https:\/\/pashewnuri.com\/index.php?rest_route=\/wp\/v2\/pages"}],"about":[{"href":"https:\/\/pashewnuri.com\/index.php?rest_route=\/wp\/v2\/types\/page"}],"author":[{"embeddable":true,"href":"https:\/\/pashewnuri.com\/index.php?rest_route=\/wp\/v2\/users\/1"}],"replies":[{"embeddable":true,"href":"https:\/\/pashewnuri.com\/index.php?rest_route=%2Fwp%2Fv2%2Fcomments&post=33"}],"version-history":[{"count":8,"href":"https:\/\/pashewnuri.com\/index.php?rest_route=\/wp\/v2\/pages\/33\/revisions"}],"predecessor-version":[{"id":1946,"href":"https:\/\/pashewnuri.com\/index.php?rest_route=\/wp\/v2\/pages\/33\/revisions\/1946"}],"wp:attachment":[{"href":"https:\/\/pashewnuri.com\/index.php?rest_route=%2Fwp%2Fv2%2Fmedia&parent=33"}],"curies":[{"name":"wp","href":"https:\/\/api.w.org\/{rel}","templated":true}]}}